{"id":3134,"date":"2020-02-26T14:25:31","date_gmt":"2020-02-26T12:25:31","guid":{"rendered":"http:\/\/www.lapinkanakoirat.com\/?page_id=3134"},"modified":"2023-06-02T09:21:30","modified_gmt":"2023-06-02T06:21:30","slug":"haluan-jaseneksi","status":"publish","type":"page","link":"https:\/\/www.lapinkanakoirat.com\/?page_id=3134","title":{"rendered":"Haluan j\u00e4seneksi!"},"content":{"rendered":"\n<p>Tutustu yhdistyksen s\u00e4\u00e4nt\u00f6ihin. <a href=\"https:\/\/www.lapinkanakoirat.com\/wp\/wp-content\/uploads\/2023\/06\/LKY_saannot-1.6.2023.pdf\" data-type=\"attachment\" data-id=\"3209\">S\u00c4\u00c4NN\u00d6T<\/a><br><br>L\u00e4het\u00e4 vapaamuotoinen hakemus s\u00e4hk\u00f6postilla sihteerille (sihteeri@lapinkanakoirat.com), jossa kerrot ainakin seuraavat asiat itsest\u00e4si:<\/p>\n\n\n\n<p>Nimi<br>Osoite<br>Puhnro<br>S\u00e4hk\u00f6postiosoite<br>Koirien rotu<br>Mahdollinen perheenj\u00e4senten liitt\u00e4minen j\u00e4seneksi<\/p>\n\n\n\n<p>K\u00e4yt\u00e4n koiraani mets\u00e4stykseen:&nbsp; &nbsp;&nbsp;&nbsp;&nbsp;&nbsp;&nbsp;&nbsp;&nbsp;&nbsp;&nbsp;&nbsp;&nbsp;&nbsp;&nbsp;&nbsp;&nbsp;&nbsp;&nbsp;&nbsp;&nbsp; Kyll\u00e4 &nbsp;\/ Ei<\/p>\n\n\n\n<p>Olen osallistunut kanakoirakokeisiin:&nbsp;&nbsp;&nbsp;&nbsp;&nbsp;&nbsp;&nbsp;&nbsp;&nbsp;&nbsp;&nbsp;&nbsp;&nbsp;  Kyll\u00e4 &nbsp;\/ Ei <\/p>\n\n\n\n<p>Olen osallistunut n\u00e4yttelyihin:&nbsp;&nbsp;&nbsp;&nbsp;&nbsp;&nbsp;&nbsp;&nbsp;&nbsp;&nbsp;&nbsp;&nbsp;&nbsp;&nbsp;&nbsp;&nbsp;&nbsp;&nbsp;&nbsp;&nbsp;&nbsp;&nbsp;&nbsp;&nbsp;&nbsp;&nbsp; Kyll\u00e4 &nbsp;\/ Ei <\/p>\n\n\n\n<p>Olen Suomen Kennelliiton j\u00e4sen:&nbsp;&nbsp;&nbsp;&nbsp;&nbsp;&nbsp;&nbsp;&nbsp;&nbsp;&nbsp;&nbsp;&nbsp;&nbsp;&nbsp;&nbsp;&nbsp;&nbsp;&nbsp;&nbsp;&nbsp;  Kyll\u00e4 &nbsp;\/ Ei <\/p>\n\n\n\n<p>Olen Ulkomuoto-\/koetuomari:&nbsp;&nbsp;&nbsp;&nbsp;&nbsp;&nbsp;&nbsp;&nbsp;&nbsp;&nbsp;&nbsp;&nbsp;&nbsp;&nbsp;&nbsp;&nbsp;&nbsp;&nbsp;&nbsp;&nbsp;&nbsp;&nbsp;&nbsp;&nbsp;  Kyll\u00e4 &nbsp;\/ Ei <\/p>\n\n\n\n<p>Olen koetoimitsija:&nbsp;&nbsp;&nbsp;&nbsp;&nbsp;&nbsp;&nbsp;&nbsp;&nbsp;&nbsp;&nbsp;&nbsp;&nbsp;&nbsp;&nbsp;&nbsp;&nbsp;&nbsp;&nbsp;&nbsp;&nbsp;&nbsp;&nbsp;&nbsp;&nbsp;&nbsp;&nbsp;&nbsp;&nbsp;&nbsp;&nbsp;&nbsp;&nbsp;&nbsp;&nbsp;&nbsp;&nbsp;&nbsp;&nbsp;&nbsp;&nbsp;&nbsp;&nbsp;&nbsp;&nbsp;&nbsp;  Kyll\u00e4 &nbsp;\/ Ei <\/p>\n","protected":false},"excerpt":{"rendered":"Tutustu yhdistyksen s\u00e4\u00e4nt\u00f6ihin. S\u00c4\u00c4NN\u00d6T L\u00e4het\u00e4 vapaamuotoinen hakemus s\u00e4hk\u00f6postilla sihteerille (sihteeri@lapinkanakoirat.com), jossa kerrot ainakin seuraavat asiat itsest\u00e4si: NimiOsoitePuhnroS\u00e4hk\u00f6postiosoiteKoirien rotuMahdollinen perheenj\u00e4senten liitt\u00e4minen j\u00e4seneksi K\u00e4yt\u00e4n koiraani mets\u00e4stykseen:&nbsp; &nbsp;&nbsp;&nbsp;&nbsp;&nbsp;&nbsp;&nbsp;&nbsp;&nbsp;&nbsp;&nbsp;&nbsp;&nbsp;&nbsp;&nbsp;&nbsp;&nbsp;&nbsp;&nbsp;&nbsp; Kyll\u00e4 &nbsp;\/ Ei Olen osallistunut kanakoirakokeisiin:&nbsp;&nbsp;&nbsp;&nbsp;&nbsp;&nbsp;&nbsp;&nbsp;&nbsp;&nbsp;&nbsp;&nbsp;&nbsp; Kyll\u00e4 &nbsp;\/ Ei Olen osallistunut n\u00e4yttelyihin:&nbsp;&nbsp;&nbsp;&nbsp;&nbsp;&nbsp;&nbsp;&nbsp;&nbsp;&nbsp;&nbsp;&nbsp;&nbsp;&nbsp;&nbsp;&nbsp;&nbsp;&nbsp;&nbsp;&nbsp;&nbsp;&nbsp;&nbsp;&nbsp;&nbsp;&nbsp; Kyll\u00e4 &nbsp;\/ Ei Olen Suomen Kennelliiton j\u00e4sen:&nbsp;&nbsp;&nbsp;&nbsp;&nbsp;&nbsp;&nbsp;&nbsp;&nbsp;&nbsp;&nbsp;&nbsp;&nbsp;&nbsp;&nbsp;&nbsp;&nbsp;&nbsp;&nbsp;&nbsp; Kyll\u00e4 &nbsp;\/ Ei Olen Ulkomuoto-\/koetuomari:&nbsp;&nbsp;&nbsp;&nbsp;&nbsp;&nbsp;&nbsp;&nbsp;&nbsp;&nbsp;&nbsp;&nbsp;&nbsp;&nbsp;&nbsp;&nbsp;&nbsp;&nbsp;&nbsp;&nbsp;&nbsp;&nbsp;&nbsp;&nbsp; Kyll\u00e4 &nbsp;\/ Ei Olen koetoimitsija:&nbsp;&nbsp;&nbsp;&nbsp;&nbsp;&nbsp;&nbsp;&nbsp;&nbsp;&nbsp;&nbsp;&nbsp;&nbsp;&nbsp;&nbsp;&nbsp;&nbsp;&nbsp;&nbsp;&nbsp;&nbsp;&nbsp;&nbsp;&nbsp;&nbsp;&nbsp;&nbsp;&nbsp;&nbsp;&nbsp;&nbsp;&nbsp;&nbsp;&nbsp;&nbsp;&nbsp;&nbsp;&nbsp;&nbsp;&nbsp;&nbsp;&nbsp;&nbsp;&nbsp;&nbsp;&nbsp; Kyll\u00e4 &hellip; <a href=\"https:\/\/www.lapinkanakoirat.com\/?page_id=3134\" class=\"more-link\">Jatka lukemista <span class=\"screen-reader-text\">Haluan j\u00e4seneksi!<\/span> <span class=\"meta-nav\">&rarr;<\/span><\/a>","protected":false},"author":1,"featured_media":0,"parent":2182,"menu_order":0,"comment_status":"closed","ping_status":"closed","template":"","meta":{"footnotes":""},"class_list":["post-3134","page","type-page","status-publish","hentry"],"_links":{"self":[{"href":"https:\/\/www.lapinkanakoirat.com\/index.php?rest_route=\/wp\/v2\/pages\/3134","targetHints":{"allow":["GET"]}}],"collection":[{"href":"https:\/\/www.lapinkanakoirat.com\/index.php?rest_route=\/wp\/v2\/pages"}],"about":[{"href":"https:\/\/www.lapinkanakoirat.com\/index.php?rest_route=\/wp\/v2\/types\/page"}],"author":[{"embeddable":true,"href":"https:\/\/www.lapinkanakoirat.com\/index.php?rest_route=\/wp\/v2\/users\/1"}],"replies":[{"embeddable":true,"href":"https:\/\/www.lapinkanakoirat.com\/index.php?rest_route=%2Fwp%2Fv2%2Fcomments&post=3134"}],"version-history":[{"count":2,"href":"https:\/\/www.lapinkanakoirat.com\/index.php?rest_route=\/wp\/v2\/pages\/3134\/revisions"}],"predecessor-version":[{"id":3211,"href":"https:\/\/www.lapinkanakoirat.com\/index.php?rest_route=\/wp\/v2\/pages\/3134\/revisions\/3211"}],"up":[{"embeddable":true,"href":"https:\/\/www.lapinkanakoirat.com\/index.php?rest_route=\/wp\/v2\/pages\/2182"}],"wp:attachment":[{"href":"https:\/\/www.lapinkanakoirat.com\/index.php?rest_route=%2Fwp%2Fv2%2Fmedia&parent=3134"}],"curies":[{"name":"wp","href":"https:\/\/api.w.org\/{rel}","templated":true}]}}