{"id":2371,"date":"2016-01-23T19:59:36","date_gmt":"2016-01-23T17:59:36","guid":{"rendered":"http:\/\/www.lapinkanakoirat.com\/?page_id=2371"},"modified":"2016-01-31T22:07:27","modified_gmt":"2016-01-31T20:07:27","slug":"irlanninsetteri","status":"publish","type":"page","link":"https:\/\/www.lapinkanakoirat.com\/?page_id=2371","title":{"rendered":"Irlanninsetteri"},"content":{"rendered":"<p><b>Irlanninsetteri<\/b> on eloisa koirarotu, joka jalostettiin aikoinaan mets\u00e4stykseen. Irlanninsetterist\u00e4 on kaksi muunnosta: punainen irlanninsetteri, jonka turkki on kastanjanruskea, sek\u00e4 punavalkoinen irlanninsetteri. Koiralla on keskipitk\u00e4\u00e4 karvaa mahan alla, jaloissa ja h\u00e4nn\u00e4ss\u00e4. Punainen irlanninsetteri on muunnoksista suositumpi.<\/p>\n<h2><span id=\"Ominaisuudet\" class=\"mw-headline\">Ominaisuudet<\/span><\/h2>\n<p>Irlanninsetteri on keskikokoinen koira. Karvapeite on sile\u00e4\u00e4 ja keskipitk\u00e4\u00e4. H\u00e4nn\u00e4ss\u00e4 hapsutus on melko pitk\u00e4\u00e4 ja k\u00e4rke\u00e4 kohden v\u00e4hitellen lyhenev\u00e4\u00e4. Hapsutus on kaikkialla melko suoraa ja sile\u00e4\u00e4, lis\u00e4ksi korvissa ja raajoissa on hapsut. Jalostajat toivovat mahdollisimman v\u00e4h\u00e4kiharaisia koiria. Punaisen irlanninsetterin v\u00e4ri on syv\u00e4n kastanjanruskea ilman vivahdusta mustaan. Valkoinen v\u00e4ri rinnassa, kurkussa ja varpaissa, pieni t\u00e4hti otsassa tai kapea viiru tai pilkku kuonossa tai otsassa eiv\u00e4t ole hylk\u00e4\u00e4vi\u00e4 virheit\u00e4. Joillain punaisilla irlanninsettereill\u00e4 on rinnassa valkoinen laikku, joka useimmiten h\u00e4ipyy koiran kasvaessa aikuiseksi. Korvat ovat ohuet, riippuvat ja keskikokoiset, h\u00e4nt\u00e4 melko pitk\u00e4. Punavalkoinen irlanninsetteri poikkeaa punaisesta ainoastaan v\u00e4ritykselt\u00e4\u00e4n. Lis\u00e4ksi se on hieman kevytrakenteisempi eik\u00e4 yht\u00e4 tuuheaturkkinen.<\/p>\n<p>Irlanninsetterit ovat hyvin lempeit\u00e4 ja aktiivisia koiria, jotka tarvitsevat paljon liikuntaa. Rotu aikuistuu henkisesti hyvin my\u00f6h\u00e4\u00e4n n. 3- 4 vuoden ik\u00e4isen\u00e4. Huolellinen peruskoulutus on hyvin t\u00e4rke\u00e4\u00e4n rodun toimeliaisuuden vuoksi.<\/p>\n<h2><span id=\"Historia\" class=\"mw-headline\">Historia<\/span><\/h2>\n<p>Irlanninsetteri on nimens\u00e4 mukaisesti alun perin irlantilainen koirarotu. Kanakoiramets\u00e4stys oli suosittu harrastus Britteinsaarilla, ja siell\u00e4 onkin kehitetty useita lintukoirarotuja, kuten spanieleita, settereit\u00e4 ja pointtereita. Viittauksia settereiden tyyppisiin koiriin on jo 1500-luvulta saakka. Punainen ja punavalkoinen irlanninsetteri on erotettu jo 1800-luvun puoliv\u00e4liss\u00e4 toisistaan. Sit\u00e4 ennen ne eiv\u00e4t olleet erillisi\u00e4 rotuja, vaan ne sekoittuivat vapaasti. Osa koirista oli aina ollut punaisempia ja osa valkoisempia kuin toiset. Vaikka punaista irlanninsetteri\u00e4 on jalostettu omana rotunaan jo pitk\u00e4\u00e4n, syntyy yh\u00e4 viel\u00e4kin punaisia irlanninsettereit\u00e4, joilla on valkeita merkkej\u00e4. Irlanninsetterin ajatellaan polveutuvan irlanninspanieleista, joita risteytettiin muun muassa englannin- ja gordoninsetterin kanssa. Vuonna 1886 julkaistiin ensimm\u00e4inen rotum\u00e4\u00e4ritelm\u00e4.<\/p>\n<p>Punavalkoinen setteri ei ole uusi eik\u00e4 uudelleen her\u00e4tetty rotu. Sen historia ulottuu 1750-luvulle, jolloin se oli suosittu ja yleinen koira ja yleisempi kuin punainen. Alkuper\u00e4inen punavalkea v\u00e4ritys vaihteli tuohon aikaan, joidenkin koirien ollessa punaisempia ja joidenkin ollessa valkeampia, mutta v\u00e4rit olivat puhtaita. Historiallisesti punavalkeita ei ole jalostettu punavalkeina tai punaisia punaisina, vaan jalostusty\u00f6n tavoitteet olivat k\u00e4ytt\u00f6ominaisuuksissa, eiv\u00e4t puhtaissa v\u00e4reiss\u00e4. Noihin aikoihin liikkuminen oli huomattavasti vaivalloisempaa ja kasvattajat k\u00e4yttiv\u00e4t parasta saatavilla olevaa koiraa v\u00e4rist\u00e4 v\u00e4litt\u00e4m\u00e4tt\u00e4. Koirien jalostus tapahtui yleens\u00e4 kartanoiden suurissa kenneleiss\u00e4 eristyneesti, ja linjan ulkopuolista verta oli harvoin saatavilla.<\/p>\n<p>Vuonna 1978 Irlannin Kennelklubi hyv\u00e4ksyi punavalkoisen omana rotunaan. IKC antoi rotuyhdistyksille Iris Red&amp;WHITE Setter Field&amp;Show society ja The Red Setter Club teht\u00e4v\u00e4ksi laatia rotum\u00e4\u00e4ritelm\u00e4 punavalkoiselle irlanninsetterille. Lopullinen rotum\u00e4\u00e4ritelm\u00e4 sinet\u00f6itiin vuonna 1984. Siin\u00e4 ei ollut merkitt\u00e4vi\u00e4 eroja verrattuna Mrs Cuddyn versioon vuodelta 1944, mutta rotum\u00e4\u00e4ritelm\u00e4ss\u00e4 painotetaan punavalkoisen irlanninsetterin k\u00e4ytt\u00f6ominaisuuksia. FCI hyv\u00e4ksyi punavalkoisen irlanninsetterin rotum\u00e4\u00e4ritelm\u00e4n vuonna 1989.<\/p>\n<h2><span id=\"K.C3.A4ytt.C3.B6\" class=\"mw-headline\">K\u00e4ytt\u00f6<\/span><\/h2>\n<p>Ennen koirat olivat l\u00e4hes kaikki mets\u00e4styskoiria. Nyky\u00e4\u00e4n on k\u00e4ytt\u00f6- ja n\u00e4ytt\u00f6linjan koiria, ja Suomessakin ero on selke\u00e4. Suurin osa punavalkoisista irlanninsettereist\u00e4 on n\u00e4yttelykoirina ja vain harvat k\u00e4yt\u00e4nn\u00f6n mets\u00e4styksess\u00e4. Suomen tunnetuin irlanninsetteri lienee Peggy Brown, Lentolaivue 24:n maskotti koko Jatkosodan ajan.<\/p>\n<h2><span id=\"Kanta_Suomessa\" class=\"mw-headline\">Kanta Suomessa<\/span><\/h2>\n<p>Nykyinen kanta on 5\u00a0430 yksil\u00f6\u00e4. Rekister\u00f6intim\u00e4\u00e4r\u00e4t ovat olleet lis\u00e4\u00e4ntym\u00e4ss\u00e4, samoin tuontikoirien m\u00e4\u00e4r\u00e4. Tuonnit ovat olleet p\u00e4\u00e4asiassa Pohjoismaista. Rekister\u00f6intim\u00e4\u00e4r\u00e4 on vuosittain vaihdellut kahden puolen 300 yksil\u00f6n, josta tuontien osuus on noin viisi prosenttia. Vuosittain on astutettu noin 25 narttua, ja t\u00e4h\u00e4n on k\u00e4ytetty hieman toistakymment\u00e4 urosta. Nartuilla tehd\u00e4\u00e4n 2-3 pentuetta ja uroksilla 3-5. Viimeisen 10 vuoden aikana yhdell\u00e4 uroksella on ollut yli 100 j\u00e4lkel\u00e4ist\u00e4 ja viidell\u00e4 yli 50 j\u00e4lkel\u00e4ist\u00e4. Suomeen tuotiin ensimm\u00e4iset punavalkoiset setterit vuonna 1992 Englannista ja Ruotsista. Saman vuoden lopulla syntyi ensimm\u00e4inen pentue. Nyky\u00e4\u00e4n kanta on 62 yksil\u00f6\u00e4.<\/p>\n<h2><span id=\"Kanta_muualla\" class=\"mw-headline\">Kanta muualla<\/span><\/h2>\n<p>Pohjoismaissa rotu on hyvin samanlinjainen kaikkialla, mutta osittain yhtym\u00e4kohdat ovat hyvin kaukana. M\u00e4\u00e4r\u00e4llisesti ja laadullisesti kanta on suurempi kuin Suomessa, joten se on k\u00e4ytt\u00f6kelpoista. Osassa Euroopan maita on my\u00f6s linjoiltaan poikkeavaa ja k\u00e4ytt\u00f6kelpoista kantaa. Muualla rotu on suhteellisen pitk\u00e4lle eriytynyt k\u00e4ytt\u00f6- ja n\u00e4yttelylinjoihin, jotka molemmat poikkeavat ulkomuodoltaan selv\u00e4sti suomalaisista irlanninsetterist\u00e4. Punavalkoisten irlanninsettereiden kanta on muissa Pohjoismaissa melko samanlainen kuin Suomessakin, eik\u00e4 se ole maailmanlaajuisesti kovin suosittu rotu.<\/p>\n<h2><span id=\"Terveys\" class=\"mw-headline\">Terveys<\/span><\/h2>\n<p>1930-luvulla ilmeni irlanninsettereill\u00e4 yleisen\u00e4 vakava PRA-silm\u00e4sairaus (Progressive Retinal Atrophy eli etenev\u00e4 verkkokalvon rappeuma). Tilanne oli niin h\u00e4lytt\u00e4v\u00e4, ett\u00e4 1946 asetettiin Englannissa pentujen rekister\u00f6innin ehdoksi, ettei kummallakaan vanhemmalla ollut PRA:ta. Toimenpiteell\u00e4 onkin ollut merkityst\u00e4 ja sairaus on harvinaistunut. Punaisella irlanninsetterill\u00e4 on my\u00f6s tavattu lonkkaniveldysplasiaa eli lonkkamaljan ja reisiluunp\u00e4\u00e4n yhteensopimattomuutta. Punavalkoinen irlanninsetteri on suhteellisen terve rotu eik\u00e4 sill\u00e4 ole lonkkavikaa siin\u00e4 m\u00e4\u00e4rin kuin punaisella irlanninsetterill\u00e4.<\/p>\n<p>Kennelliiton rotum\u00e4\u00e4ritelm\u00e4t:<br \/>\n<a href=\"http:\/\/www.kennelliitto.fi\/sites\/default\/files\/attachments\/rotumaaritelmat\/fci_7\/punainenirlanninsetteri303.pdf\" target=\"_blank\">Punainen irlanninsetteri<\/a><br \/>\n<a href=\"http:\/\/www.kennelliitto.fi\/sites\/default\/files\/attachments\/rotumaaritelmat\/fci_7\/punavalkoinenirlanninsetteri.pdf\" target=\"_blank\">Punavalkoinen irlanninsetteri<\/a><\/p>\n","protected":false},"excerpt":{"rendered":"Irlanninsetteri on eloisa koirarotu, joka jalostettiin aikoinaan mets\u00e4stykseen. Irlanninsetterist\u00e4 on kaksi muunnosta: punainen irlanninsetteri, jonka turkki on kastanjanruskea, sek\u00e4 punavalkoinen irlanninsetteri. Koiralla on keskipitk\u00e4\u00e4 karvaa mahan alla, jaloissa ja h\u00e4nn\u00e4ss\u00e4. Punainen irlanninsetteri on muunnoksista suositumpi. Ominaisuudet Irlanninsetteri on keskikokoinen koira. Karvapeite on sile\u00e4\u00e4 ja keskipitk\u00e4\u00e4. H\u00e4nn\u00e4ss\u00e4 hapsutus on melko pitk\u00e4\u00e4 ja k\u00e4rke\u00e4 kohden v\u00e4hitellen lyhenev\u00e4\u00e4. &hellip; <a href=\"https:\/\/www.lapinkanakoirat.com\/?page_id=2371\" class=\"more-link\">Jatka lukemista <span class=\"screen-reader-text\">Irlanninsetteri<\/span> <span class=\"meta-nav\">&rarr;<\/span><\/a>","protected":false},"author":1,"featured_media":0,"parent":2182,"menu_order":0,"comment_status":"closed","ping_status":"closed","template":"","meta":{"footnotes":""},"class_list":["post-2371","page","type-page","status-publish","hentry"],"_links":{"self":[{"href":"https:\/\/www.lapinkanakoirat.com\/index.php?rest_route=\/wp\/v2\/pages\/2371","targetHints":{"allow":["GET"]}}],"collection":[{"href":"https:\/\/www.lapinkanakoirat.com\/index.php?rest_route=\/wp\/v2\/pages"}],"about":[{"href":"https:\/\/www.lapinkanakoirat.com\/index.php?rest_route=\/wp\/v2\/types\/page"}],"author":[{"embeddable":true,"href":"https:\/\/www.lapinkanakoirat.com\/index.php?rest_route=\/wp\/v2\/users\/1"}],"replies":[{"embeddable":true,"href":"https:\/\/www.lapinkanakoirat.com\/index.php?rest_route=%2Fwp%2Fv2%2Fcomments&post=2371"}],"version-history":[{"count":3,"href":"https:\/\/www.lapinkanakoirat.com\/index.php?rest_route=\/wp\/v2\/pages\/2371\/revisions"}],"predecessor-version":[{"id":2392,"href":"https:\/\/www.lapinkanakoirat.com\/index.php?rest_route=\/wp\/v2\/pages\/2371\/revisions\/2392"}],"up":[{"embeddable":true,"href":"https:\/\/www.lapinkanakoirat.com\/index.php?rest_route=\/wp\/v2\/pages\/2182"}],"wp:attachment":[{"href":"https:\/\/www.lapinkanakoirat.com\/index.php?rest_route=%2Fwp%2Fv2%2Fmedia&parent=2371"}],"curies":[{"name":"wp","href":"https:\/\/api.w.org\/{rel}","templated":true}]}}