{"id":2369,"date":"2016-01-23T19:59:05","date_gmt":"2016-01-23T17:59:05","guid":{"rendered":"http:\/\/www.lapinkanakoirat.com\/?page_id=2369"},"modified":"2016-01-31T22:11:18","modified_gmt":"2016-01-31T20:11:18","slug":"gordoninsetteri","status":"publish","type":"page","link":"https:\/\/www.lapinkanakoirat.com\/?page_id=2369","title":{"rendered":"Gordoninsetteri"},"content":{"rendered":"<p><b>Gordoninsetteri<\/b> on Skotlannista per\u00e4isin oleva keskikokoinen seisova lintukoira. Hyvien mets\u00e4stysominaisuuksien lis\u00e4ksi se on my\u00f6s rauhallinen perhekoira.<\/p>\n<div id=\"toc\" class=\"toc tochidden\"><\/div>\n<h2><span id=\"Ulkon.C3.A4k.C3.B6\" class=\"mw-headline\">Ulkon\u00e4k\u00f6<\/span><\/h2>\n<p>Gordoninsetterin s\u00e4k\u00e4korkeus on tavallisesti uroksilla 60\u201365 senttimetri\u00e4 ja nartuilla 58\u201363 senttimetri\u00e4. Gordoninsetterin v\u00e4itet\u00e4\u00e4n usein olevan kookkain ja vankin settereist\u00e4, mutta v\u00e4itteelle ei l\u00f6ydy perustaa vanhoista kuvista ja kirjallisuudesta, joissa gordoninsetterit ovat jopa nykyisi\u00e4 pienempi\u00e4 ja kevytrakenteisempia. Koossa ei kuitenkaan tule menn\u00e4 liiallisuuksiin: ylijalostus on gordoninsetterinkin vaarana. K\u00e4ytt\u00f6koirarodulle mets\u00e4stykseen soveltuvuus asettaa hyvin ankarat puitteet, joista ei voi tinki\u00e4 my\u00f6sk\u00e4\u00e4n ulkomuodon ja rakenteen osalta. Gordoninsetterin tulee olla rakenteeltaan tyylik\u00e4s ja sopusuhtainen.<\/p>\n<p>Gordoni on voimakas mets\u00e4styskoira, jonka liikkumisen tulee olla tyylik\u00e4st\u00e4: liikkeet ilment\u00e4v\u00e4t nopeaa ja kest\u00e4v\u00e4\u00e4 laukkaavaa juoksua. Jo ensi vilkaisulla tulee ilmet\u00e4, ett\u00e4 kyseess\u00e4 on laukkaamalla liikkuva mets\u00e4styskoira \u2013 mik\u00e4li n\u00e4in ei ole, ei kysess\u00e4 ole oikea rotutyyppi.<\/p>\n<p>Gordoninsetterin ilmett\u00e4 leimaa lempe\u00e4 katse ja kauniisti laskeutuvat korvat. Kallo-osa on syv\u00e4; hieman jykev\u00e4mpi kuin irlanninsetterill\u00e4 ja hieman py\u00f6re\u00e4mpi kuin englanninsetterill\u00e4. Huuli on selv\u00e4piirteinen, mutta ei miss\u00e4\u00e4n nimess\u00e4 roikkuva, kuten ei my\u00f6sk\u00e4\u00e4n kaulanahka \u2013 gordoninsetteri ei ole raskastekoinen rotu. Rungoltaan gordoninsetteri on lihaksikas ja tiivis, hoikka k\u00e4ytt\u00f6koira. Sill\u00e4 on kuitenkin syv\u00e4 ja voimakas rintakeh\u00e4.<\/p>\n<p>Karva on kauttaaltaan mahdollisimman vartalonmy\u00f6t\u00e4ist\u00e4. Eturaajojen ja reisien takaosassa karva on pitk\u00e4\u00e4 ja sile\u00e4\u00e4. My\u00f6s vatsan alapuolella karva on hieman pitemp\u00e4\u00e4. Gordoninsetterin turkin v\u00e4ri on kiilt\u00e4v\u00e4n musta parkinruskein tan-merkein. Valkoinen t\u00e4pl\u00e4 rinnassa on sallittu. Rodun jalostuksen alkuaikoina valkoinen v\u00e4ri n\u00e4htiin suorastaan sairautena, vaikka sill\u00e4 ei koiran ulkomuotoon tai k\u00e4ytt\u00f6ominaisuuksiin olekaan mit\u00e4\u00e4n vaikutusta.<\/p>\n<h2><span id=\"Turkin_hoito\" class=\"mw-headline\">Turkin hoito<\/span><\/h2>\n<p>Gordoninsettereill\u00e4 on pitk\u00e4 karva, joka vaatii melko paljon hoitoa. T\u00e4ss\u00e4 on kuitenkin jonkin verran eroja erityyppisten koirien v\u00e4lill\u00e4: mets\u00e4stysrotuna sille ei haluta jalostaa liiallista karvapeitett\u00e4, koska siit\u00e4 olisi mets\u00e4styksess\u00e4 jo haittaa. Viime aikoina on kuitenkin tullut muutamia kasvattajia, jotka jalostavat rodun alkuper\u00e4st\u00e4 piittaamatta v\u00e4\u00e4r\u00e4n tyyppist\u00e4 gordoninsetteri\u00e4. N\u00e4ill\u00e4 koirilla koko ja rakenne ei en\u00e4\u00e4 sovellu vaativaan mets\u00e4stysty\u00f6skentelyyn. Koiria jalostetaan seurakoiriksi sek\u00e4 n\u00e4yttelyj\u00e4 varten ja karvapeitteen m\u00e4\u00e4r\u00e4\u00e4 (&#8221;volyymi\u00e4&#8221;) kasvatetaan ei-rotutyypilliseksi.<\/p>\n<p>Mets\u00e4stysretken j\u00e4lkeen turkki kaipaa hoitoa mahdollisten risujen tai kuran takia. Oikeatyyppinen turkki ei kuitenkaan ker\u00e4\u00e4 risuja siin\u00e4 m\u00e4\u00e4rin, mit\u00e4 runsaampi ja pehme\u00e4mpi karvapeite. Ihanneturkki gordoninsetterill\u00e4 on sellainen, joka suojaa koiraa riitt\u00e4v\u00e4sti huonossa s\u00e4\u00e4ss\u00e4 tapahtuvassa mets\u00e4styksess\u00e4, mutta ei vaadi juurikaan leikkaamista. Vain tassukarvojen leikkaaminen riitt\u00e4\u00e4. Varsinaisesti gordoninsetteri ei ole trimmattava rotu.<\/p>\n<h2><span id=\"Luonne_ja_k.C3.A4ytt.C3.A4ytyminen\" class=\"mw-headline\">Luonne ja k\u00e4ytt\u00e4ytyminen<\/span><\/h2>\n<p>Gordoninsetteri on yst\u00e4v\u00e4llinen koira, mutta ison kokonsa ja mets\u00e4stysviettins\u00e4 takia se vaatii hyv\u00e4n peruskoulutuksen. Gordoninsetteri soveltuu my\u00f6s seurakoiraksi, mutta tarvitsee paljon virikkeit\u00e4 ja liikuntaa. Pelk\u00e4ksi sohvakoiraksi se ei sovi. Gordoninsetteri on lapsiyst\u00e4v\u00e4llinen rotu ja kiintyy syv\u00e4sti omistajiinsa.<\/p>\n<h2><span id=\"K.C3.A4ytt.C3.B6-_ja_harrastemahdollisuudet\" class=\"mw-headline\">K\u00e4ytt\u00f6- ja harrastemahdollisuudet<\/span><\/h2>\n<p>Gordoninsetteri vaatii omistajaltaan paljon: sill\u00e4 tulee olla mahdollisuudet mets\u00e4stykseen tai ainakin harrastava omistaja, joka kanavoi koiran aktiivisuuden jollakin muulla tavoin. T\u00e4m\u00e4n vuoksi gordoninsetteri\u00e4 ei tulisi ottaa sellaiseen kotiin, jolla ei ole mahdollisuutta mets\u00e4st\u00e4miseen.<\/p>\n<p>Omistajalle, jolla on mahdollisuus mets\u00e4st\u00e4\u00e4 kanalintuja ja tahto sek\u00e4 k\u00e4rsiv\u00e4llisyytt\u00e4 kouluttaa koiransa toimivaksi seisojaksi, rotu antaa paljon. Gordoninsetteri on tunnettu hyv\u00e4st\u00e4 kontaktinpidosta, mist\u00e4 on Suomen peitteisiss\u00e4 maastoissa pelk\u00e4st\u00e4\u00e4n etua. Rotu soveltuu hyvin my\u00f6s avoimiin tunturi- ja peltomaastoihin. Gordoninsetteri on ns. &#8221;yhden miehen koira&#8221; ja t\u00e4st\u00e4 syyst\u00e4 side koiran ja sen omistajan v\u00e4lille kehittyy mets\u00e4stett\u00e4ess\u00e4 hyvin voimakkaaksi.<\/p>\n<p>Gordoninsettereit\u00e4 osallistuu vuosittain brittil\u00e4isten kanakoirien kokeisiin lukuisasti (KAME, KATU ja KAKE \u2013 my\u00f6s KAER). Startteja on vuosittain noin 60\u201380 ja palkitsemisprosentti on viime vuosina kivunnut noin 20\u00a0%:iin. Vuonna 2003 gordoninsetteri oli mets\u00e4styskokeiden palkitsemisprosentin perusteella paras rotu brittil\u00e4isist\u00e4 kanakoirista. Mets\u00e4styksen lis\u00e4ksi gordoninsetteri soveltuu my\u00f6s moneen muuhun harrastustoimintaan hyv\u00e4n koulutettavuutensa ansiosta.<\/p>\n<p>Rodun koulutettavuus ja palvelunhalu tulee esille muun muassa siin\u00e4, ett\u00e4 gordoninsetteri on yleens\u00e4 helposti opetetettavissa noutajaksi. Kanalintujen mets\u00e4styksen lis\u00e4ksi gordoninsetteri sopii hyvin my\u00f6s sorsastukseen.<\/p>\n<h2><span id=\"Alkuper.C3.A4\" class=\"mw-headline\">Alkuper\u00e4<\/span><\/h2>\n<p>Gordoninsetteri kehitettiin Skotlannissa 1700-luvulla paikallisista settereist\u00e4. Sit\u00e4 pidet\u00e4\u00e4n vanhimpana setterirotuna. Gordoninsetteri\u00e4 kehitti Gordonin herttua Aleksander, jolta rotu sai my\u00f6s nimens\u00e4. H\u00e4nen kerrotaan halunneen luoda Skotlannin olosuhteisiin sopiva voimakas seisoja. 1800-luvulla rotu oli hyvin suosittu, ja ensimm\u00e4isten koiran\u00e4yttelyiden my\u00f6t\u00e4 ryhdyttiin jalostamaan yh\u00e4 kookkaampaa ja vankempaa koiraa. Rodun kehityksess\u00e4 on ilmeisesti k\u00e4ytetty muitakin koirarotuja, kuten paimenkoiria, vihikoiraa ja irlanninvesispanielia.<\/p>\n<p>Suomeen ensimm\u00e4iset gordoninsetterit tuotiin jo 1800-luvulla, mutta rotu yleistyi vasta 1990-luvulla.<\/p>\n<h2><span id=\"Terveystilanne\" class=\"mw-headline\">Terveystilanne<\/span><\/h2>\n<p>Pentua valittaessa kannattaa kiinnitt\u00e4\u00e4 huomiota siihen, ett\u00e4 vanhemmilla on n\u00e4ytt\u00f6\u00e4 mets\u00e4stysominaisuuksista. Gordoninsetteri kuuluu Suomen Kennelliiton perinn\u00f6llisten vikojen ja sairauksien vastustamisohjelmaan PEVISAan. Rotua varjostaa melko korkea lonkkaniveldysplasia- eli HD-mainintojen m\u00e4\u00e4r\u00e4: noin 40\u00a0% lonkkakuvatuista koirista on saanut HD-maininnan (suunnilleen saman verran kuin muissakin setteriroduissa). Erityisesti tietyiss\u00e4 linjoissa on runsaasti HD-mainintoja. T\u00e4m\u00e4n vuoksi kannattaa kiinnitt\u00e4\u00e4 erityist\u00e4 huomiota pennun hankinnassa vanhempien ja n\u00e4iden aikaisempien pentueiden HD-terveyteen. Pentujen rekister\u00f6imiseksi vanhemmilta vaaditaan lonkkakuvaustulos (C tai parempi).<\/p>\n<p><a href=\"http:\/\/www.kennelliitto.fi\/sites\/default\/files\/attachments\/rotumaaritelmat\/fci_7\/7gordon.pdf\" target=\"_blank\">Kennelliiton rotum\u00e4\u00e4ritelm\u00e4<\/a><\/p>\n","protected":false},"excerpt":{"rendered":"Gordoninsetteri on Skotlannista per\u00e4isin oleva keskikokoinen seisova lintukoira. Hyvien mets\u00e4stysominaisuuksien lis\u00e4ksi se on my\u00f6s rauhallinen perhekoira. Ulkon\u00e4k\u00f6 Gordoninsetterin s\u00e4k\u00e4korkeus on tavallisesti uroksilla 60\u201365 senttimetri\u00e4 ja nartuilla 58\u201363 senttimetri\u00e4. Gordoninsetterin v\u00e4itet\u00e4\u00e4n usein olevan kookkain ja vankin settereist\u00e4, mutta v\u00e4itteelle ei l\u00f6ydy perustaa vanhoista kuvista ja kirjallisuudesta, joissa gordoninsetterit ovat jopa nykyisi\u00e4 pienempi\u00e4 ja kevytrakenteisempia. Koossa ei &hellip; <a href=\"https:\/\/www.lapinkanakoirat.com\/?page_id=2369\" class=\"more-link\">Jatka lukemista <span class=\"screen-reader-text\">Gordoninsetteri<\/span> <span class=\"meta-nav\">&rarr;<\/span><\/a>","protected":false},"author":1,"featured_media":0,"parent":2182,"menu_order":0,"comment_status":"closed","ping_status":"closed","template":"","meta":{"footnotes":""},"class_list":["post-2369","page","type-page","status-publish","hentry"],"_links":{"self":[{"href":"https:\/\/www.lapinkanakoirat.com\/index.php?rest_route=\/wp\/v2\/pages\/2369","targetHints":{"allow":["GET"]}}],"collection":[{"href":"https:\/\/www.lapinkanakoirat.com\/index.php?rest_route=\/wp\/v2\/pages"}],"about":[{"href":"https:\/\/www.lapinkanakoirat.com\/index.php?rest_route=\/wp\/v2\/types\/page"}],"author":[{"embeddable":true,"href":"https:\/\/www.lapinkanakoirat.com\/index.php?rest_route=\/wp\/v2\/users\/1"}],"replies":[{"embeddable":true,"href":"https:\/\/www.lapinkanakoirat.com\/index.php?rest_route=%2Fwp%2Fv2%2Fcomments&post=2369"}],"version-history":[{"count":3,"href":"https:\/\/www.lapinkanakoirat.com\/index.php?rest_route=\/wp\/v2\/pages\/2369\/revisions"}],"predecessor-version":[{"id":2395,"href":"https:\/\/www.lapinkanakoirat.com\/index.php?rest_route=\/wp\/v2\/pages\/2369\/revisions\/2395"}],"up":[{"embeddable":true,"href":"https:\/\/www.lapinkanakoirat.com\/index.php?rest_route=\/wp\/v2\/pages\/2182"}],"wp:attachment":[{"href":"https:\/\/www.lapinkanakoirat.com\/index.php?rest_route=%2Fwp%2Fv2%2Fmedia&parent=2369"}],"curies":[{"name":"wp","href":"https:\/\/api.w.org\/{rel}","templated":true}]}}