{"id":203,"date":"2011-09-14T09:45:02","date_gmt":"2011-09-14T09:45:02","guid":{"rendered":"http:\/\/192.168.9.29\/Development\/TB\/?page_id=203"},"modified":"2024-02-23T12:45:48","modified_gmt":"2024-02-23T10:45:48","slug":"home","status":"publish","type":"page","link":"https:\/\/www.lapinkanakoirat.com\/","title":{"rendered":"Tervetuloa!"},"content":{"rendered":"<p><img loading=\"lazy\" decoding=\"async\" class=\"alignnone size-medium wp-image-3102\" src=\"https:\/\/www.lapinkanakoirat.com\/wp\/wp-content\/uploads\/2019\/09\/71214437_400501347326638_675723377863819264_n-300x247.jpg\" alt=\"\" width=\"300\" height=\"247\" srcset=\"https:\/\/www.lapinkanakoirat.com\/wp\/wp-content\/uploads\/2019\/09\/71214437_400501347326638_675723377863819264_n-300x247.jpg 300w, https:\/\/www.lapinkanakoirat.com\/wp\/wp-content\/uploads\/2019\/09\/71214437_400501347326638_675723377863819264_n-768x632.jpg 768w, https:\/\/www.lapinkanakoirat.com\/wp\/wp-content\/uploads\/2019\/09\/71214437_400501347326638_675723377863819264_n-1024x842.jpg 1024w\" sizes=\"auto, (max-width: 300px) 100vw, 300px\" \/><\/p>\n<p>Harkitsetko kanakoiran ottamista?<\/p>\n<h4>Lapin Kanakoirayhdistys tukee ja ohjaa j\u00e4seni\u00e4\u00e4n<\/h4>\n<p>Koirat ovat yksil\u00f6it\u00e4, eik\u00e4 oikotiet\u00e4 onneen ole, mutta yhdistyksen j\u00e4senilt\u00e4 saat neuvoja, tukea ja vinkkej\u00e4!<\/p>\n<p>Onpa kyseess\u00e4 ensimm\u00e4inen tai viides koirasi, tule mukaan rentoon porukkaan.<\/p>\n<h2><strong>J\u00e4sentuotteita<\/strong><\/h2>\n<p>Huomioliivi ,koot S,M,L,XL 20e<br \/>\nPipo, v\u00e4rit musta, oranssi 15e<br \/>\nAutotarra 10e<br \/>\nPipoja l\u00f6ytyy Rovaniemelt\u00e4 ja Utsjoelta.<br \/>\nOta yhteytt\u00e4: Marko 0407522570 tai Jame<\/p>\n<h2><strong>J\u00e4senyys<\/strong><\/h2>\n<p>Vuosimaksu on 25e, perheenj\u00e4sen 10e. Liittymismaksua ei ole.<\/p>\n<h2><strong>YHTEISTY\u00d6SS\u00c4<\/p>\n<p><img loading=\"lazy\" decoding=\"async\" class=\"alignnone size-full wp-image-3227\" src=\"https:\/\/www.lapinkanakoirat.com\/wp\/wp-content\/uploads\/2024\/02\/tracker-1.jpg\" alt=\"\" width=\"205\" height=\"40\" \/><\/strong><\/h2>\n","protected":false},"excerpt":{"rendered":"Harkitsetko kanakoiran ottamista? Lapin Kanakoirayhdistys tukee ja ohjaa j\u00e4seni\u00e4\u00e4n Koirat ovat yksil\u00f6it\u00e4, eik\u00e4 oikotiet\u00e4 onneen ole, mutta yhdistyksen j\u00e4senilt\u00e4 saat neuvoja, tukea ja vinkkej\u00e4! Onpa kyseess\u00e4 ensimm\u00e4inen tai viides koirasi, tule mukaan rentoon porukkaan. J\u00e4sentuotteita Huomioliivi ,koot S,M,L,XL 20e Pipo, v\u00e4rit musta, oranssi 15e Autotarra 10e Pipoja l\u00f6ytyy Rovaniemelt\u00e4 ja Utsjoelta. Ota yhteytt\u00e4: Marko 0407522570 &hellip; <a href=\"https:\/\/www.lapinkanakoirat.com\/\" class=\"more-link\">Jatka lukemista <span class=\"screen-reader-text\">Tervetuloa!<\/span> <span class=\"meta-nav\">&rarr;<\/span><\/a>","protected":false},"author":1,"featured_media":0,"parent":0,"menu_order":0,"comment_status":"open","ping_status":"closed","template":"page-home.php","meta":{"footnotes":""},"class_list":["post-203","page","type-page","status-publish","hentry"],"_links":{"self":[{"href":"https:\/\/www.lapinkanakoirat.com\/index.php?rest_route=\/wp\/v2\/pages\/203","targetHints":{"allow":["GET"]}}],"collection":[{"href":"https:\/\/www.lapinkanakoirat.com\/index.php?rest_route=\/wp\/v2\/pages"}],"about":[{"href":"https:\/\/www.lapinkanakoirat.com\/index.php?rest_route=\/wp\/v2\/types\/page"}],"author":[{"embeddable":true,"href":"https:\/\/www.lapinkanakoirat.com\/index.php?rest_route=\/wp\/v2\/users\/1"}],"replies":[{"embeddable":true,"href":"https:\/\/www.lapinkanakoirat.com\/index.php?rest_route=%2Fwp%2Fv2%2Fcomments&post=203"}],"version-history":[{"count":52,"href":"https:\/\/www.lapinkanakoirat.com\/index.php?rest_route=\/wp\/v2\/pages\/203\/revisions"}],"predecessor-version":[{"id":3228,"href":"https:\/\/www.lapinkanakoirat.com\/index.php?rest_route=\/wp\/v2\/pages\/203\/revisions\/3228"}],"wp:attachment":[{"href":"https:\/\/www.lapinkanakoirat.com\/index.php?rest_route=%2Fwp%2Fv2%2Fmedia&parent=203"}],"curies":[{"name":"wp","href":"https:\/\/api.w.org\/{rel}","templated":true}]}}